{"id":1187,"date":"2024-08-22T23:31:08","date_gmt":"2024-08-22T21:31:08","guid":{"rendered":"http:\/\/leonardogoliavincent.com\/?page_id=1187"},"modified":"2024-08-27T12:28:47","modified_gmt":"2024-08-27T10:28:47","slug":"trabajos","status":"publish","type":"page","link":"http:\/\/leonardogoliavincent.com\/?page_id=1187","title":{"rendered":"TRABAJOS"},"content":{"rendered":"<p><strong>EL DESCIFRANTE<\/strong><\/p>\n<p>\u00a0 \u00a0 \u00a0 \u00a0 \u00a0El Descifrante es una novela \u201cinici\u00e1tica\u201d \u00a0de g\u00e9nero fant\u00e1stico. Dentro de un contexto existencialista, y haciendo uso de conceptos provenientes de la alquimia, la c\u00e1bala\u00a0 y otras tradiciones asociadas al hermetismo, el relato articula diferentes mitos e historias de Buenos Aires para explicar el desarrollo espiritual del protagonista.<\/p>\n<p>\u00a0 \u00a0 \u00a0 \u00a0 \u00a0La historia relata las aventuras de un hombre ingenuo, con pocas luces, que despierta un d\u00eda para descubrir que se encuentra solo en la ciudad.\u00a0 \u00a0Pronto descubre que no puede escapar (la capital se halla rodeada por una barrera de fuego y niebla inexpugnables) y que su entorno est\u00e1 habitado por seres imaginarios de la m\u00e1s extra\u00f1a condici\u00f3n; adem\u00e1s, el tiempo permanece detenido en un oto\u00f1o perpetuo, mientras que el cielo, obscurecido por obstinadas nubes de tormenta, apenas deja entrever un sol fr\u00e1gil y enfermizo. Nada parece tener sentido hasta que el protagonista descubre la existencia de un extra\u00f1o personaje al que llaman \u201cEl Descifrante\u201d. Tal vez humano, quiz\u00e1 un dios, desapareci\u00f3 de la Ciudad conociendo la verdad de su misterio. Para remediar la distorsi\u00f3n temporal y liberar la urbe de sus invasores, el h\u00e9roe debe resolver tres enigmas y hallar un objeto m\u00edstico llamado la \u201cPiedra Quimica\u201d; cuesti\u00f3n \u00a0que le llevar\u00e1 a recorrer diferentes barrios de Buenos Aires. En este viaje, se topar\u00e1 con los personajes m\u00e1s curiosos y vivir\u00e1 acontecimientos muy surrealistas.<\/p>\n<p>\u00a0 \u00a0 \u00a0 \u00a0 \u00a0La trama contiene much\u00edsimas referencias a la cultura porte\u00f1a, desde menciones a la po\u00e9tica del tango o el rock nacional, pasando por viejos mitos urbanos hasta vinculaciones intertextuales con diferentes escritores esenciales de la narrativa argentina.\u00a0 En conjunto, constituye una joya para cualquier amante de la literatura, un homenaje a Buenos Aires muy divertido, pleno de gui\u00f1os y complicidades.<\/p>\n<p><strong><a href=\"http:\/\/www.eldescifrante.com\" target=\"_blank\" rel=\"noopener noreferrer\">http:\/\/www.eldescifrante.com<\/a><\/strong><\/p>\n<p>\t\t\t\t<img loading=\"lazy\" decoding=\"async\" src=\"http:\/\/leonardogoliavincent.com\/wp-content\/uploads\/2024\/08\/bookdescifr-1024x768.png\" alt=\"bookdescifr\" itemprop=\"image\" height=\"624\" width=\"832\" title=\"bookdescifr\" onerror=\"this.style.display='none'\"  \/><\/p>\n","protected":false},"excerpt":{"rendered":"<p>EL DESCIFRANTE \u00a0 \u00a0 \u00a0 \u00a0 \u00a0El Descifrante es una novela \u201cinici\u00e1tica\u201d \u00a0de g\u00e9nero fant\u00e1stico. Dentro de un contexto existencialista, y haciendo uso de conceptos provenientes de la alquimia, la c\u00e1bala\u00a0 y otras tradiciones asociadas al hermetismo, el relato articula diferentes mitos e historias de Buenos Aires para explicar el desarrollo espiritual del protagonista. \u00a0 <a class=\"read-more\" href=\"http:\/\/leonardogoliavincent.com\/?page_id=1187\">Leer m\u00e1s&#8230;<\/a><\/p>\n","protected":false},"author":1,"featured_media":1190,"parent":0,"menu_order":0,"comment_status":"closed","ping_status":"closed","template":"","meta":{"footnotes":""},"class_list":["post-1187","page","type-page","status-publish","has-post-thumbnail","hentry"],"post_mailing_queue_ids":[],"_links":{"self":[{"href":"http:\/\/leonardogoliavincent.com\/index.php?rest_route=\/wp\/v2\/pages\/1187"}],"collection":[{"href":"http:\/\/leonardogoliavincent.com\/index.php?rest_route=\/wp\/v2\/pages"}],"about":[{"href":"http:\/\/leonardogoliavincent.com\/index.php?rest_route=\/wp\/v2\/types\/page"}],"author":[{"embeddable":true,"href":"http:\/\/leonardogoliavincent.com\/index.php?rest_route=\/wp\/v2\/users\/1"}],"replies":[{"embeddable":true,"href":"http:\/\/leonardogoliavincent.com\/index.php?rest_route=%2Fwp%2Fv2%2Fcomments&post=1187"}],"version-history":[{"count":15,"href":"http:\/\/leonardogoliavincent.com\/index.php?rest_route=\/wp\/v2\/pages\/1187\/revisions"}],"predecessor-version":[{"id":1205,"href":"http:\/\/leonardogoliavincent.com\/index.php?rest_route=\/wp\/v2\/pages\/1187\/revisions\/1205"}],"wp:featuredmedia":[{"embeddable":true,"href":"http:\/\/leonardogoliavincent.com\/index.php?rest_route=\/wp\/v2\/media\/1190"}],"wp:attachment":[{"href":"http:\/\/leonardogoliavincent.com\/index.php?rest_route=%2Fwp%2Fv2%2Fmedia&parent=1187"}],"curies":[{"name":"wp","href":"https:\/\/api.w.org\/{rel}","templated":true}]}}